{"id":884,"date":"2020-11-16T14:24:48","date_gmt":"2020-11-16T05:24:48","guid":{"rendered":"https:\/\/www.taiyounomura.org\/ryuko\/cms\/?page_id=884"},"modified":"2023-05-24T12:34:46","modified_gmt":"2023-05-24T03:34:46","slug":"shortstay02","status":"publish","type":"page","link":"https:\/\/www.taiyounomura.org\/ryuko\/service\/shortstay\/shortstay02\/","title":{"rendered":"\u30b7\u30e7\u30fc\u30c8\u30b9\u30c6\u30a4 \u7a7a\u304d\u72b6\u6cc1"},"content":{"rendered":"\n<h3 class=\"is-style-vk-heading-default wp-block-heading\" id=\"vk-htags-9e24af90-3441-49db-a1c1-f54e10ba95dc\">\u30b7\u30e7\u30fc\u30c8\u30b9\u30c6\u30a4\u306e\u7a7a\u304d\u72b6\u6cc1<\/h3>\n\n\n\n<ul class=\"wp-block-list\">\n<li>\u25ce \u7a7a\u304d\u3042\u308a\u3000\u3000\u25b3 \u6b8b\u308a\u308f\u305a\u304b\u3000\u3000\u00d7 \u7a7a\u304d\u306a\u3057<\/li>\n\n\n\n<li>3\u304b\u6708\u5148\u307e\u3067\u306e\u4e88\u7d04\u3092\u53d7\u3051\u4ed8\u3051\u3066\u304a\u308a\u307e\u3059\u3002<\/li>\n\n\n\n<li>\u624b\u52d5\u66f4\u65b0\u306e\u305f\u3081\u30ea\u30a2\u30eb\u30bf\u30a4\u30e0\u306a\u7a7a\u304d\u72b6\u6cc1\u3067\u306f\u3042\u308a\u307e\u305b\u3093\u306e\u3067\u3054\u4e86\u627f\u304f\u3060\u3055\u3044\u3002<br>\u6700\u7d42\u66f4\u65b0\u65e5\uff1a2023\u5e745\u670824\u65e5<\/li>\n<\/ul>\n\n\n\n<p>\u3000<\/p>\n\n\n\n<h4 class=\"is-style-vk-heading-background_fill_lightgray wp-block-heading\">2023\u5e745\u6708<\/h4>\n\n\n\n<p>\u3010\u5973\u6027\u30a8\u30ea\u30a2\u3011<\/p>\n\n\n\n<figure class=\"wp-block-table table_short_aki_w\"><table><tbody><tr><td>5\u6708<\/td><td>\u65e5<\/td><td>\u6708<\/td><td>\u706b<\/td><td>\u6c34<\/td><td>\u6728<\/td><td>\u91d1<\/td><td>\u571f<\/td><\/tr><tr><td>\u7b2c\uff11\u9031<\/td><td>\u3000<\/td><td>1\u3000<\/td><td><br>2<\/td><td>3<\/td><td>4<\/td><td>5<\/td><td>6<\/td><\/tr><tr><td>\u500b\u5ba4<\/td><td>\u3000<\/td><td> \u00d7 <\/td><td>\u00d7<\/td><td> \u00d7\u3000<\/td><td> \u00d7 <\/td><td>\u00d7  <\/td><td>\u00d7   <\/td><\/tr><tr><td>\u591a\u5e8a<\/td><td>\u3000<\/td><td> \u00d7<\/td><td>\u00d7  <\/td><td> \u00d7   <\/td><td>  \u00d7<\/td><td>\u00d7  <\/td><td>\u00d7    <\/td><\/tr><tr><td>\u7b2c\uff12\u9031<\/td><td>7<\/td><td>8<\/td><td>9<\/td><td>10<\/td><td>11<\/td><td>12<\/td><td>13<\/td><\/tr><tr><td>\u500b\u5ba4<\/td><td>\u00d7     <\/td><td>\u00d7  <\/td><td> \u00d7   <\/td><td> \u00d7 <\/td><td>\u00d7<\/td><td> \u00d7 <\/td><td>\u00d7 <\/td><\/tr><tr><td>\u591a\u5e8a<\/td><td> \u00d7  <\/td><td>\u00d7     <\/td><td> \u00d7    <\/td><td> \u00d7<\/td><td> \u00d7 <\/td><td>  \u00d7 <\/td><td>\u00d7<\/td><\/tr><tr><td>\u7b2c\uff13\u9031<\/td><td>14<\/td><td>15<\/td><td>16<\/td><td>17<\/td><td>18<\/td><td>19<\/td><td>20<\/td><\/tr><tr><td>\u500b\u5ba4<\/td><td>\u00d7<\/td><td>\u00d7 <\/td><td> \u00d7<\/td><td> \u00d7<\/td><td>\u00d7   <\/td><td> \u00d7<\/td><td>\u00d7<\/td><\/tr><tr><td>\u591a\u5e8a<\/td><td>\u00d7<\/td><td> \u00d7<\/td><td>  \u00d7  <\/td><td>  \u00d7<\/td><td> \u00d7   <\/td><td> \u00d7<\/td><td>\u00d7 <\/td><\/tr><tr><td>\u7b2c\uff14\u9031<\/td><td>21<\/td><td>22<\/td><td>23<\/td><td>24<\/td><td>25<\/td><td>26<\/td><td>27<\/td><\/tr><tr><td>\u500b\u5ba4<\/td><td> \u00d7   <\/td><td>  \u00d7   <\/td><td> \u00d7  <\/td><td>\u25ce   <\/td><td>\u25ce  <\/td><td>\u25ce   <\/td><td>\u25b3 <\/td><\/tr><tr><td>\u591a\u5e8a<\/td><td>\u00d7<\/td><td>\u00d7<\/td><td>  \u00d7 <\/td><td>\u25ce    <\/td><td>\u25ce  <\/td><td>\u25ce   <\/td><td> \u25b3 <\/td><\/tr><tr><td>\u7b2c\uff15\u9031<\/td><td>28<\/td><td>29<\/td><td>30<\/td><td>31<\/td><td><\/td><td><\/td><td><\/td><\/tr><tr><td>\u500b\u5ba4<\/td><td> \u25b3<\/td><td> \u25b3<\/td><td> \u25ce  <\/td><td> \u25ce<\/td><td><\/td><td> <\/td><td><\/td><\/tr><tr><td>\u591a\u5e8a<\/td><td>\u25b3<\/td><td> \u25b3<\/td><td>   \u25ce<\/td><td> \u25ce <\/td><td><\/td><td><\/td><td><\/td><\/tr><\/tbody><\/table><\/figure>\n\n\n\n<p>\u3010\u7537\u6027\u30a8\u30ea\u30a2\u3011<\/p>\n\n\n\n<figure class=\"wp-block-table table_short_aki_w\"><table><tbody><tr><td>5\u6708<\/td><td>\u65e5<\/td><td>\u6708<\/td><td>\u706b<\/td><td>\u6c34<\/td><td>\u6728<\/td><td>\u91d1<\/td><td>\u571f<\/td><\/tr><tr><td>\u7b2c\uff11\u9031<\/td><td>\u3000<\/td><td>1<\/td><td>2<\/td><td>3<\/td><td>4<\/td><td>5<\/td><td>6<\/td><\/tr><tr><td>\u500b\u5ba4<\/td><td>\u3000<\/td><td>\u00d7\u3000<\/td><td> \u00d7<\/td><td> \u00d7<\/td><td> \u00d7<\/td><td> \u00d7<\/td><td>\u00d7   <\/td><\/tr><tr><td>\u591a\u5e8a<\/td><td>\u3000<\/td><td>\u00d7<\/td><td>  \u00d7<\/td><td> \u00d7 <\/td><td> \u00d7  <\/td><td> \u00d7   <\/td><td> \u00d7 <\/td><\/tr><tr><td>\u7b2c\uff12\u9031<\/td><td>7<\/td><td>8<\/td><td>9<\/td><td>10<\/td><td>11<\/td><td>12<\/td><td>13<\/td><\/tr><tr><td>\u500b\u5ba4<\/td><td> \u00d7<\/td><td>\u00d7 <\/td><td>\u00d7<\/td><td> \u00d7<\/td><td>  \u00d7<\/td><td>\u00d7<\/td><td> \u00d7<\/td><\/tr><tr><td>\u591a\u5e8a<\/td><td>\u00d7<\/td><td>\u00d7<\/td><td> \u00d7<\/td><td>\u00d7<\/td><td>\u00d7<\/td><td>\u00d7<\/td><td>\u00d7 <\/td><\/tr><tr><td>\u7b2c\uff13\u9031<\/td><td>14<\/td><td>15<\/td><td>16<\/td><td>17<\/td><td>18<\/td><td>19<\/td><td>20<\/td><\/tr><tr><td>\u500b\u5ba4<\/td><td>\u00d7<\/td><td>\u00d7<\/td><td>\u00d7<\/td><td> \u00d7<\/td><td>\u00d7<\/td><td>\u00d7<\/td><td>\u00d7<\/td><\/tr><tr><td>\u591a\u5e8a<\/td><td>\u00d7 <\/td><td>\u00d7  <\/td><td> \u00d7<\/td><td>   \u00d7<\/td><td> \u00d7 <\/td><td>\u00d7<\/td><td>\u00d7  <\/td><\/tr><tr><td>\u7b2c\uff14\u9031<\/td><td>21<\/td><td>22<\/td><td>23<\/td><td>24<\/td><td>25<\/td><td>26<\/td><td>27<\/td><\/tr><tr><td>\u500b\u5ba4<\/td><td>\u00d7     <\/td><td>  \u00d7 <\/td><td>  \u00d7   <\/td><td> \u25b3   <\/td><td> \u25b3      <\/td><td> \u25b3  <\/td><td> \u25b3 <\/td><\/tr><tr><td>\u591a\u5e8a<\/td><td>\u00d7    <\/td><td>\u00d7  <\/td><td> \u00d7<\/td><td>\u25b3    <\/td><td>  \u25b3 <\/td><td> \u25b3 <\/td><td> \u25b3  <\/td><\/tr><tr><td>\u7b2c\uff15\u9031<\/td><td>28<\/td><td>29<\/td><td>30<\/td><td>31<\/td><td><\/td><td><\/td><td><\/td><\/tr><tr><td>\u500b\u5ba4<\/td><td>\u25b3  <\/td><td> \u25b3   <\/td><td> \u25b3  <\/td><td> \u25b3  <\/td><td> <\/td><td><\/td><td>  <\/td><\/tr><tr><td>\u591a\u5e8a<\/td><td>\u25b3  <\/td><td> \u25b3   <\/td><td>\u25b3  <\/td><td> \u25b3      <\/td><td>   <\/td><td>  <\/td><td>    <\/td><\/tr><\/tbody><\/table><\/figure>\n\n\n\n<h4 class=\"is-style-vk-heading-background_fill_lightgray wp-block-heading\">2023\u5e746\u6708<\/h4>\n\n\n\n<p>\u3010\u5973\u6027\u30a8\u30ea\u30a2\u3011<\/p>\n\n\n\n<figure class=\"wp-block-table table_short_aki_w\"><table><tbody><tr><td>6\u6708<\/td><td>\u65e5<\/td><td>\u6708<\/td><td>\u706b<\/td><td>\u6c34<\/td><td>\u6728<\/td><td>\u91d1<\/td><td>\u571f<\/td><\/tr><tr><td>\u7b2c\uff11\u9031<\/td><td><\/td><td><\/td><td><\/td><td><\/td><td>1<\/td><td>2<\/td><td>3<\/td><\/tr><tr><td>\u500b\u5ba4<\/td><td> <\/td><td>  <\/td><td> <\/td><td> <\/td><td> \u25ce    <\/td><td>  \u25ce   <\/td><td>  \u25b3   <\/td><\/tr><tr><td>\u591a\u5e8a<\/td><td><\/td><td> <\/td><td>  <\/td><td> <\/td><td>  \u25ce   <\/td><td>   \u25ce  <\/td><td>  \u25b3   <\/td><\/tr><tr><td>\u7b2c\uff12\u9031<\/td><td>4<\/td><td>5<\/td><td>6<\/td><td>7<\/td><td>8<\/td><td>9<\/td><td>10<\/td><\/tr><tr><td>\u500b\u5ba4<\/td><td>  \u25b3   <\/td><td>  \u25b3   <\/td><td>    \u25ce <\/td><td>     \u25ce<\/td><td>   \u25ce  <\/td><td>    \u25ce <\/td><td>  \u25b3   <\/td><\/tr><tr><td>\u591a\u5e8a<\/td><td>  \u25b3   <\/td><td>  \u25b3   <\/td><td>    \u25ce <\/td><td>     \u25ce<\/td><td>   \u25ce  <\/td><td>    \u25ce <\/td><td>  \u25b3   <\/td><\/tr><tr><td>\u7b2c\uff13\u9031<\/td><td>11<\/td><td>12<\/td><td>13<\/td><td>14<\/td><td>15<\/td><td>16<\/td><td>17<\/td><\/tr><tr><td>\u500b\u5ba4<\/td><td>  \u25b3   <\/td><td>  \u25b3   <\/td><td>  \u25ce   <\/td><td>    \u25ce <\/td><td>    \u25ce<\/td><td>   \u25ce  <\/td><td>  \u25b3   <\/td><\/tr><tr><td>\u591a\u5e8a<\/td><td>  \u25b3   <\/td><td>  \u25b3   <\/td><td>  \u25ce   <\/td><td>     \u25ce<\/td><td>     \u25ce<\/td><td>     \u25ce<\/td><td>  \u25b3   <\/td><\/tr><tr><td>\u7b2c\uff14\u9031<\/td><td>18<\/td><td>19<\/td><td>20<\/td><td>21<\/td><td>22<\/td><td>23<\/td><td>24<\/td><\/tr><tr><td>\u500b\u5ba4<\/td><td>  \u25b3   <\/td><td>  \u25b3   <\/td><td>  \u25ce   <\/td><td>   \u25ce<\/td><td>  \u25ce   <\/td><td>  \u25ce   <\/td><td>\u25b3   <\/td><\/tr><tr><td>\u591a\u5e8a<\/td><td>  \u25b3   <\/td><td>  \u25b3   <\/td><td>     \u25ce<\/td><td>    \u25ce <\/td><td>   \u25ce  <\/td><td>  \u25ce<\/td><td>\u25b3<\/td><\/tr><tr><td>\u7b2c\uff15\u9031<\/td><td>25<\/td><td>26<\/td><td>27<\/td><td>28<\/td><td>29<\/td><td>30<\/td><td><\/td><\/tr><tr><td>\u500b\u5ba4<\/td><td>  \u25b3   <\/td><td>  \u25b3   <\/td><td>   \u25ce  <\/td><td>   \u25ce <\/td><td>    \u25ce  <\/td><td>   \u25ce<\/td><td>   <\/td><\/tr><tr><td>\u591a\u5e8a<\/td><td>  \u25b3   <\/td><td>  \u25b3   <\/td><td>   \u25ce <\/td><td>    \u25ce<\/td><td>    \u25ce<\/td><td>    \u25ce  <\/td><td>    \u3000<\/td><\/tr><\/tbody><\/table><\/figure>\n\n\n\n<p>\u3010\u7537\u6027\u30a8\u30ea\u30a2\u3011<\/p>\n\n\n\n<figure class=\"wp-block-table table_short_aki_w\"><table><tbody><tr><td>6\u6708<\/td><td>\u65e5<\/td><td>\u6708<\/td><td>\u706b<\/td><td>\u6c34<\/td><td>\u6728<\/td><td>\u91d1<\/td><td>\u571f<\/td><\/tr><tr><td>\u7b2c\uff11\u9031<\/td><td><\/td><td><\/td><td><\/td><td><\/td><td>1<\/td><td>2<\/td><td>3<\/td><\/tr><tr><td>\u500b\u5ba4<\/td><td> <\/td><td><\/td><td> <\/td><td> <\/td><td>   \u25ce  <\/td><td>  \u25b3   <\/td><td>  \u25b3   <\/td><\/tr><tr><td>\u591a\u5e8a<\/td><td>  <\/td><td>  <\/td><td>  <\/td><td> <\/td><td>     \u25ce<\/td><td>  \u25b3   <\/td><td>  \u25b3   <\/td><\/tr><tr><td>\u7b2c\uff12\u9031<\/td><td>4<\/td><td>5<\/td><td>6<\/td><td>7<\/td><td>8<\/td><td>9<\/td><td>10<\/td><\/tr><tr><td>\u500b\u5ba4<\/td><td>  \u25b3   <\/td><td>  \u25b3   <\/td><td>    \u25ce <\/td><td>    \u25ce <\/td><td>    \u25ce<\/td><td>     \u25ce<\/td><td>  \u25ce   <\/td><\/tr><tr><td>\u591a\u5e8a<\/td><td>  \u25b3   <\/td><td>  \u25b3   <\/td><td>  \u25b3   <\/td><td>  \u25b3   <\/td><td>  \u25b3   <\/td><td>  \u25b3   <\/td><td>  \u25b3   <\/td><\/tr><tr><td>\u7b2c\uff13\u9031<\/td><td>11<\/td><td>12<\/td><td>13<\/td><td>14<\/td><td>15<\/td><td>16<\/td><td>17<\/td><\/tr><tr><td>\u500b\u5ba4<\/td><td>     \u25ce<\/td><td>    \u25ce <\/td><td>  \u25ce   <\/td><td> \u25ce    <\/td><td>    \u25ce <\/td><td> \u25ce    <\/td><td>  \u25b3   <\/td><\/tr><tr><td>\u591a\u5e8a<\/td><td>  \u25b3   <\/td><td>  \u25b3   <\/td><td>  \u25b3   <\/td><td>  \u25b3   <\/td><td>  \u25b3   <\/td><td>  \u25b3   <\/td><td>  \u25b3   <\/td><\/tr><tr><td>\u7b2c\uff14\u9031<\/td><td>18<\/td><td>19<\/td><td>20<\/td><td>21<\/td><td>22<\/td><td>23<\/td><td>24<\/td><\/tr><tr><td>\u500b\u5ba4<\/td><td>  \u25ce   <\/td><td>  \u25ce   <\/td><td>  \u25ce   <\/td><td>  \u25b3   <\/td><td>  \u25b3   <\/td><td>  \u25b3   <\/td><td>  \u25b3   <\/td><\/tr><tr><td>\u591a\u5e8a<\/td><td>  \u25b3   <\/td><td>  \u25b3   <\/td><td>  \u25b3   <\/td><td>  \u25b3   <\/td><td>  \u25b3   <\/td><td>  \u25b3   <\/td><td>  \u25b3   <\/td><\/tr><tr><td>\u7b2c\uff15\u9031<\/td><td>25<\/td><td>26<\/td><td>27<\/td><td>28<\/td><td>29<\/td><td>30<\/td><td><\/td><\/tr><tr><td>\u500b\u5ba4<\/td><td>  \u25b3   <\/td><td>  \u25b3   <\/td><td>   \u25ce  <\/td><td>  \u25ce  <\/td><td>   \u25ce  <\/td><td>   \u25ce <\/td><td>   <\/td><\/tr><tr><td>\u591a\u5e8a<\/td><td>  \u25b3   <\/td><td>  \u25b3   <\/td><td>  \u25b3   <\/td><td> \u25b3<\/td><td>  \u25b3   <\/td><td> \u25b3    <\/td><td>   \u3000<\/td><\/tr><\/tbody><\/table><\/figure>\n\n\n\n<h4 class=\"is-style-vk-heading-background_fill_lightgray wp-block-heading\">2023\u5e747\u6708<\/h4>\n\n\n\n<p>\u3010\u5973\u6027\u30a8\u30ea\u30a2\u3011<\/p>\n\n\n\n<figure class=\"wp-block-table table_short_aki_w\"><table><tbody><tr><td>7\u6708<\/td><td>\u65e5<\/td><td>\u6708<\/td><td>\u706b<\/td><td>\u6c34<\/td><td>\u6728<\/td><td>\u91d1<\/td><td>\u571f<\/td><\/tr><tr><td>\u7b2c\uff11\u9031<\/td><td><\/td><td><\/td><td><\/td><td><\/td><td><\/td><td><\/td><td><\/td><\/tr><tr><td>\u500b\u5ba4<\/td><td><\/td><td>\u3000<\/td><td><\/td><td>\u3000<\/td><td><\/td><td><\/td><td><\/td><\/tr><tr><td>\u591a\u5e8a<\/td><td><\/td><td><\/td><td>\u3000<\/td><td><\/td><td><\/td><td><\/td><td><\/td><\/tr><tr><td>\u7b2c\uff12\u9031<\/td><td><\/td><td><\/td><td><\/td><td><\/td><td><\/td><td><\/td><td><\/td><\/tr><tr><td>\u500b\u5ba4<\/td><td><\/td><td><\/td><td><\/td><td><\/td><td><\/td><td><\/td><td><\/td><\/tr><tr><td>\u591a\u5e8a<\/td><td><\/td><td><\/td><td><\/td><td><\/td><td><\/td><td><\/td><td><\/td><\/tr><tr><td>\u7b2c\uff13\u9031<\/td><td><\/td><td><\/td><td><\/td><td><\/td><td><\/td><td><\/td><td><\/td><\/tr><tr><td>\u500b\u5ba4<\/td><td><\/td><td><\/td><td><\/td><td><\/td><td><\/td><td><\/td><td><\/td><\/tr><tr><td>\u591a\u5e8a<\/td><td><\/td><td><\/td><td><\/td><td><\/td><td><\/td><td><\/td><td><\/td><\/tr><tr><td>\u7b2c\uff14\u9031<\/td><td><\/td><td><\/td><td><\/td><td><\/td><td><\/td><td><\/td><td><\/td><\/tr><tr><td>\u500b\u5ba4<\/td><td><\/td><td><\/td><td><\/td><td><\/td><td><\/td><td><\/td><td><\/td><\/tr><tr><td>\u591a\u5e8a<\/td><td><\/td><td><\/td><td><\/td><td><\/td><td><\/td><td><\/td><td><\/td><\/tr><tr><td>\u7b2c\uff15\u9031<\/td><td><\/td><td><\/td><td><\/td><td><\/td><td><\/td><td><\/td><td><\/td><\/tr><tr><td>\u500b\u5ba4<\/td><td><\/td><td><\/td><td><\/td><td><\/td><td><\/td><td><\/td><td><\/td><\/tr><tr><td>\u591a\u5e8a<\/td><td><\/td><td><\/td><td><\/td><td><\/td><td><\/td><td><\/td><td>\u3000<\/td><\/tr><\/tbody><\/table><\/figure>\n\n\n\n<p>\u3010\u7537\u6027\u30a8\u30ea\u30a2\u3011<\/p>\n\n\n\n<figure class=\"wp-block-table table_short_aki_w\"><table><tbody><tr><td>2\u6708<\/td><td>\u65e5<\/td><td>\u6708<\/td><td>\u706b<\/td><td>\u6c34<\/td><td>\u6728<\/td><td>\u91d1<\/td><td>\u571f<\/td><\/tr><tr><td>\u7b2c\uff11\u9031<\/td><td><\/td><td><\/td><td><\/td><td><\/td><td><\/td><td><\/td><td><\/td><\/tr><tr><td>\u500b\u5ba4<\/td><td><\/td><td>\u3000<\/td><td><\/td><td>\u3000<\/td><td><\/td><td><\/td><td><\/td><\/tr><tr><td>\u591a\u5e8a<\/td><td>\u3000<\/td><td><\/td><td>\u3000<\/td><td><\/td><td><\/td><td><\/td><td><\/td><\/tr><tr><td>\u7b2c\uff12\u9031<\/td><td><\/td><td><\/td><td><\/td><td><\/td><td><\/td><td><\/td><td><\/td><\/tr><tr><td>\u500b\u5ba4<\/td><td><\/td><td><\/td><td><\/td><td><\/td><td><\/td><td><\/td><td><\/td><\/tr><tr><td>\u591a\u5e8a<\/td><td><\/td><td><\/td><td><\/td><td><\/td><td><\/td><td><\/td><td><\/td><\/tr><tr><td>\u7b2c\uff13\u9031<\/td><td><\/td><td><\/td><td><\/td><td><\/td><td><\/td><td><\/td><td><\/td><\/tr><tr><td>\u500b\u5ba4<\/td><td><\/td><td><\/td><td><\/td><td><\/td><td><\/td><td><\/td><td><\/td><\/tr><tr><td>\u591a\u5e8a<\/td><td><\/td><td><\/td><td><\/td><td><\/td><td><\/td><td><\/td><td><\/td><\/tr><tr><td>\u7b2c\uff14\u9031<\/td><td><\/td><td><\/td><td><\/td><td><\/td><td><\/td><td><\/td><td><\/td><\/tr><tr><td>\u500b\u5ba4<\/td><td><\/td><td><\/td><td><\/td><td><\/td><td><\/td><td><\/td><td><\/td><\/tr><tr><td>\u591a\u5e8a<\/td><td><\/td><td><\/td><td><\/td><td><\/td><td><\/td><td><\/td><td><\/td><\/tr><tr><td>\u7b2c\uff15\u9031<\/td><td><\/td><td><\/td><td><\/td><td><\/td><td><\/td><td><\/td><td><\/td><\/tr><tr><td>\u500b\u5ba4<\/td><td><\/td><td><\/td><td><\/td><td><\/td><td><\/td><td><\/td><td><\/td><\/tr><tr><td>\u591a\u5e8a<\/td><td><\/td><td><\/td><td><\/td><td><\/td><td><\/td><td><\/td><td>\u3000<\/td><\/tr><\/tbody><\/table><\/figure>\n","protected":false},"excerpt":{"rendered":"<p>\u30b7\u30e7\u30fc\u30c8\u30b9\u30c6\u30a4\u306e\u7a7a\u304d\u72b6\u6cc1 \u3000 2023\u5e745\u6708 \u3010\u5973\u6027\u30a8\u30ea\u30a2\u3011 5\u6708 \u65e5 \u6708 \u706b \u6c34 \u6728 \u91d1 \u571f \u7b2c\uff11\u9031 \u3000 1\u3000 2 3 4 5 6 \u500b\u5ba4 \u3000 \u00d7 \u00d7 \u00d7\u3000 \u00d7 \u00d7 \u00d7 \u591a\u5e8a \u3000 \u00d7 \u00d7 \u00d7 \u00d7 \u00d7 \u00d7 \u7b2c\uff12\u9031 7 8  [&hellip;]<\/p>\n","protected":false},"author":1,"featured_media":0,"parent":42,"menu_order":2,"comment_status":"closed","ping_status":"closed","template":"","meta":{"footnotes":""},"class_list":["post-884","page","type-page","status-publish","hentry"],"_links":{"self":[{"href":"https:\/\/www.taiyounomura.org\/ryuko\/wp-json\/wp\/v2\/pages\/884","targetHints":{"allow":["GET"]}}],"collection":[{"href":"https:\/\/www.taiyounomura.org\/ryuko\/wp-json\/wp\/v2\/pages"}],"about":[{"href":"https:\/\/www.taiyounomura.org\/ryuko\/wp-json\/wp\/v2\/types\/page"}],"author":[{"embeddable":true,"href":"https:\/\/www.taiyounomura.org\/ryuko\/wp-json\/wp\/v2\/users\/1"}],"replies":[{"embeddable":true,"href":"https:\/\/www.taiyounomura.org\/ryuko\/wp-json\/wp\/v2\/comments?post=884"}],"version-history":[{"count":4,"href":"https:\/\/www.taiyounomura.org\/ryuko\/wp-json\/wp\/v2\/pages\/884\/revisions"}],"predecessor-version":[{"id":2430,"href":"https:\/\/www.taiyounomura.org\/ryuko\/wp-json\/wp\/v2\/pages\/884\/revisions\/2430"}],"up":[{"embeddable":true,"href":"https:\/\/www.taiyounomura.org\/ryuko\/wp-json\/wp\/v2\/pages\/42"}],"wp:attachment":[{"href":"https:\/\/www.taiyounomura.org\/ryuko\/wp-json\/wp\/v2\/media?parent=884"}],"curies":[{"name":"wp","href":"https:\/\/api.w.org\/{rel}","templated":true}]}}